{"id":2520,"date":"2021-12-20T14:29:53","date_gmt":"2021-12-20T14:29:53","guid":{"rendered":"https:\/\/profma.ma\/?post_type=product&#038;p=2520"},"modified":"2024-08-27T23:38:08","modified_gmt":"2024-08-27T21:38:08","slug":"koch-chemie-cire-de-finition-bmp-so-01","status":"publish","type":"product","link":"https:\/\/profma.ma\/en\/product\/koch-chemie-cire-de-finition-bmp-so-01\/","title":{"rendered":"KOCH CHEMIE CIRE DE FINITION BMP SO.01"},"content":{"rendered":"<p><strong><em>Cire de finition et protection haute brillance de la marque allemande Koch Chemie.<\/em><\/strong><\/p>\n<p><strong>Koch Chemie BMP SO.01<\/strong> cire de finition \u00e0 pulv\u00e9riser de protection longue dur\u00e9e id\u00e9al pour toutes les peintures et diverses mati\u00e8res plastiques.<\/p>\n<p>Gr\u00e2ce \u00e0 un m\u00e9lange sp\u00e9cial de cire particuli\u00e8rement dures et r\u00e9sistantes, il nettoie, entretien et conserve les surfaces trait\u00e9es et leur conf\u00e8re durant des mois une profondeur \u00e9clatantes et une lisseur unique.<\/p>","protected":false},"excerpt":{"rendered":"<ul>\n<li>Appliquer Bmp sur une microfibre douce et r\u00e9partir manuellement en couche r\u00e9guli\u00e8re et fine<\/li>\n<li>Laisser s\u00e9cher<\/li>\n<li>Polir le film devenu blanc \u00e0 l&rsquo;aide d&rsquo;une deuxi\u00e8me microfibre jusqu&rsquo;\u00e0 obtention d&rsquo;une haute brillance<\/li>\n<\/ul>","protected":false},"featured_media":4223,"comment_status":"open","ping_status":"closed","template":"","meta":[],"product_brand":[],"product_cat":[163,166],"product_tag":[],"class_list":{"0":"post-2520","1":"product","2":"type-product","3":"status-publish","4":"has-post-thumbnail","6":"product_cat-nettoyants-carrosserie","7":"product_cat-produits-exterieur0","9":"first","10":"instock","11":"taxable","12":"shipping-taxable","13":"purchasable","14":"product-type-simple"},"_links":{"self":[{"href":"https:\/\/profma.ma\/en\/wp-json\/wp\/v2\/product\/2520","targetHints":{"allow":["GET"]}}],"collection":[{"href":"https:\/\/profma.ma\/en\/wp-json\/wp\/v2\/product"}],"about":[{"href":"https:\/\/profma.ma\/en\/wp-json\/wp\/v2\/types\/product"}],"replies":[{"embeddable":true,"href":"https:\/\/profma.ma\/en\/wp-json\/wp\/v2\/comments?post=2520"}],"wp:featuredmedia":[{"embeddable":true,"href":"https:\/\/profma.ma\/en\/wp-json\/wp\/v2\/media\/4223"}],"wp:attachment":[{"href":"https:\/\/profma.ma\/en\/wp-json\/wp\/v2\/media?parent=2520"}],"wp:term":[{"taxonomy":"product_brand","embeddable":true,"href":"https:\/\/profma.ma\/en\/wp-json\/wp\/v2\/product_brand?post=2520"},{"taxonomy":"product_cat","embeddable":true,"href":"https:\/\/profma.ma\/en\/wp-json\/wp\/v2\/product_cat?post=2520"},{"taxonomy":"product_tag","embeddable":true,"href":"https:\/\/profma.ma\/en\/wp-json\/wp\/v2\/product_tag?post=2520"}],"curies":[{"name":"wp","href":"https:\/\/api.w.org\/{rel}","templated":true}]}}