{"id":2458,"date":"2021-12-17T09:17:37","date_gmt":"2021-12-17T09:17:37","guid":{"rendered":"https:\/\/profma.ma\/?post_type=product&#038;p=2458"},"modified":"2024-06-06T16:14:48","modified_gmt":"2024-06-06T14:14:48","slug":"kenotek-showroom-shine-cire-showroom-1l","status":"publish","type":"product","link":"https:\/\/profma.ma\/en\/product\/kenotek-showroom-shine-cire-showroom-1l\/","title":{"rendered":"KENOTEK \u00ab\u00a0SHOWROOM SHINE\u00a0\u00bb- CIRE SHOWROOM 1L"},"content":{"rendered":"<div id=\"product-description-short-313\" class=\"product-desc\">\n<p>&nbsp;<\/p>\n<p>Le \u201cShowroom shine\u201d de Kenotek redonne de l\u2019\u00e9clat et de la brillance \u00e0 la carrosserie, enl\u00e8ve les traces de doigts ainsi que la poussi\u00e8re.<\/p>\n<\/div>\n<div class=\"product-actions\">\n<div class=\"product-variants\"><\/div>\n<section class=\"product-discounts\"><\/section>\n<div class=\"product-add-to-cart\"><span class=\"control-label\">\u00a0<\/span><\/div>\n<\/div>","protected":false},"excerpt":{"rendered":"<ul>\n<li>revitalise la carrosserie<\/li>\n<li>donne un brillant profond \u00e0 la peinture<\/li>\n<li>supprime empreintes et poussi\u00e8re<\/li>\n<li>produit anti statique<\/li>\n<li>nettoyage sans eau<\/li>\n<li>s\u00e9chage rapide<\/li>\n<li>facile \u00e0 utiliser<\/li>\n<li>agr\u00e9able parfum p\u00eache<\/li>\n<\/ul>\n<p><strong>Mode d\u2019emploi : <\/strong><\/p>\n<ul>\n<li>Pulv\u00e9riser le produit sur la carrosserie.<\/li>\n<li>S\u00e9cher avec un chiffon en microfibres.<\/li>\n<\/ul>","protected":false},"featured_media":4055,"comment_status":"open","ping_status":"closed","template":"","meta":[],"product_brand":[],"product_cat":[163,166],"product_tag":[],"class_list":{"0":"post-2458","1":"product","2":"type-product","3":"status-publish","4":"has-post-thumbnail","6":"product_cat-nettoyants-carrosserie","7":"product_cat-produits-exterieur0","9":"first","10":"instock","11":"taxable","12":"shipping-taxable","13":"product-type-simple"},"_links":{"self":[{"href":"https:\/\/profma.ma\/en\/wp-json\/wp\/v2\/product\/2458","targetHints":{"allow":["GET"]}}],"collection":[{"href":"https:\/\/profma.ma\/en\/wp-json\/wp\/v2\/product"}],"about":[{"href":"https:\/\/profma.ma\/en\/wp-json\/wp\/v2\/types\/product"}],"replies":[{"embeddable":true,"href":"https:\/\/profma.ma\/en\/wp-json\/wp\/v2\/comments?post=2458"}],"wp:featuredmedia":[{"embeddable":true,"href":"https:\/\/profma.ma\/en\/wp-json\/wp\/v2\/media\/4055"}],"wp:attachment":[{"href":"https:\/\/profma.ma\/en\/wp-json\/wp\/v2\/media?parent=2458"}],"wp:term":[{"taxonomy":"product_brand","embeddable":true,"href":"https:\/\/profma.ma\/en\/wp-json\/wp\/v2\/product_brand?post=2458"},{"taxonomy":"product_cat","embeddable":true,"href":"https:\/\/profma.ma\/en\/wp-json\/wp\/v2\/product_cat?post=2458"},{"taxonomy":"product_tag","embeddable":true,"href":"https:\/\/profma.ma\/en\/wp-json\/wp\/v2\/product_tag?post=2458"}],"curies":[{"name":"wp","href":"https:\/\/api.w.org\/{rel}","templated":true}]}}